{"id":3278,"date":"2020-04-14T09:19:56","date_gmt":"2020-04-14T09:19:56","guid":{"rendered":"https:\/\/immo-keul.be\/?page_id=3278"},"modified":"2020-06-03T07:54:40","modified_gmt":"2020-06-03T07:54:40","slug":"mentions-legales","status":"publish","type":"page","link":"https:\/\/immokeul.be\/fr\/mentions-legales\/","title":{"rendered":"mentions l\u00e9gales"},"content":{"rendered":"<p>[vc_row][vc_column width=\u00a0\u00bb1\/2&Prime;][vc_column_text]<\/p>\n<h5><span lang=\"fr-be\">Editeur responsable<br \/>\n<\/span><\/h5>\n<h6><span lang=\"fr-be\">Heinz Keul <\/span><\/h6>\n<p><span lang=\"fr-be\">Poteauerstrasse 90, Recht<br \/>\nB-4780 St.Vith<\/span><\/p>\n<p><span lang=\"fr-be\"><br \/>\nN\u00b0 TVA: BE0454.054.525<br \/>\nTEL : +32 (0)80 57 02 82 <\/span>[\/vc_column_text]<div class=\"clearboth\"><\/div><div class=\"gem-divider \" style=\"margin-top: 50px;margin-bottom: 50px;border-color: #022998;\"><\/div>[vc_column_text]<\/p>\n<h6><span lang=\"fr-be\">Copyright<\/span><\/h6>\n<p><span lang=\"fr-be\">2020 \u2013 Heinz Keul<br \/>\n<\/span><span class=\"tlid-translation translation\" lang=\"fr\"><span class=\"\" title=\"\">Tous les contenus de ce site Web (textes, donn\u00e9es, illustrations, photos, graphiques, logos, descriptions de produits, etc.) sont prot\u00e9g\u00e9s par le droit d&rsquo;auteur.<\/span><\/span>[\/vc_column_text][\/vc_column][vc_column width=\u00a0\u00bb1\/2&Prime;][vc_column_text]<\/p>\n<h5>Webdesign &amp; Hosting<\/h5>\n<h6>Indigo PGmbH<\/h6>\n<p>Pierre Benker<br \/>\nFriedensstr. 10<br \/>\nB-4780 SANKT VITH<br \/>\nBelgien<br \/>\nTel.: +32 (0)80 280 281<br \/>\nEmail: <a href=\"mailto:info@indigo.info\">info@indigo.info<\/a><br \/>\n<u>www.indigo.info<\/u><\/p>\n<p>&nbsp;<\/p>\n<p><strong>Indigoweb s\u00e0rl<\/strong><strong><br \/>\n<\/strong>1, Duarreffstrooss<br \/>\nL-9990 Weiswampach<br \/>\nLuxemburg<\/p>\n<p>Tel. +352 26 90 31 28<\/p>\n<p>&nbsp;<\/p>\n<p>Host Europe GmbH<br \/>\nWelserstra\u00dfe 14<br \/>\n51149 Cologne<br \/>\nGermany<\/p>\n<p>REG ID: HRB 28495<\/p>\n<p>VAT ID: DE187370678[\/vc_column_text][\/vc_column][\/vc_row]<\/p>\n","protected":false},"excerpt":{"rendered":"<p>[vc_row][vc_column width=\u00a0\u00bb1\/2&Prime;][vc_column_text] Editeur responsable Heinz Keul Poteauerstrasse 90, Recht B-4780 St.Vith N\u00b0 TVA: BE0454.054.525 TEL : +32 (0)80 57 02&#8230;<\/p>\n","protected":false},"author":1,"featured_media":0,"parent":0,"menu_order":0,"comment_status":"closed","ping_status":"closed","template":"","meta":{"_monsterinsights_skip_tracking":false,"_monsterinsights_sitenote_active":false,"_monsterinsights_sitenote_note":"","_monsterinsights_sitenote_category":0},"aioseo_notices":[],"_links":{"self":[{"href":"https:\/\/immokeul.be\/fr\/wp-json\/wp\/v2\/pages\/3278"}],"collection":[{"href":"https:\/\/immokeul.be\/fr\/wp-json\/wp\/v2\/pages"}],"about":[{"href":"https:\/\/immokeul.be\/fr\/wp-json\/wp\/v2\/types\/page"}],"author":[{"embeddable":true,"href":"https:\/\/immokeul.be\/fr\/wp-json\/wp\/v2\/users\/1"}],"replies":[{"embeddable":true,"href":"https:\/\/immokeul.be\/fr\/wp-json\/wp\/v2\/comments?post=3278"}],"version-history":[{"count":5,"href":"https:\/\/immokeul.be\/fr\/wp-json\/wp\/v2\/pages\/3278\/revisions"}],"predecessor-version":[{"id":3748,"href":"https:\/\/immokeul.be\/fr\/wp-json\/wp\/v2\/pages\/3278\/revisions\/3748"}],"wp:attachment":[{"href":"https:\/\/immokeul.be\/fr\/wp-json\/wp\/v2\/media?parent=3278"}],"curies":[{"name":"wp","href":"https:\/\/api.w.org\/{rel}","templated":true}]}}