{"id":3282,"date":"2020-04-14T09:24:49","date_gmt":"2020-04-14T09:24:49","guid":{"rendered":"https:\/\/immo-keul.be\/?page_id=3282"},"modified":"2020-06-03T07:52:50","modified_gmt":"2020-06-03T07:52:50","slug":"vie-privee","status":"publish","type":"page","link":"https:\/\/immokeul.be\/fr\/vie-privee\/","title":{"rendered":"Vie priv\u00e9e"},"content":{"rendered":"<p>[vc_row][vc_column width=\u00a0\u00bb1\/2&Prime;][vc_column_text]<\/p>\n<h5>Mentions l\u00e9gales et conditions d&rsquo;utilisation<\/h5>\n<h6>Conditions d&rsquo;acc\u00e8s au site<\/h6>\n<p>Toute personne (ci-apr\u00e8s \u00ab\u00a0l&rsquo;utilisateur\u00a0\u00bb) acc\u00e9dant au pr\u00e9sent site (ci-apr\u00e8s \u00ab\u00a0le site\u00a0\u00bb) est pr\u00e9sum\u00e9e avoir accept\u00e9 de fa\u00e7on inconditionnelle l&rsquo;ensemble des dispositions et des conditions d&rsquo;utilisation du site.<br \/>\nLe site est accessible \u00e0 tout moment partout dans le monde. L&rsquo;utilisateur qui s&rsquo;y connecte porte seul la responsabilit\u00e9 de se conformer au respect des l\u00e9gislations et\/ou r\u00e9glementations en vigueur dans le pays o\u00f9 il r\u00e9side ou de celui d&rsquo;o\u00f9 il se connecte au site.<\/p>\n<hr \/>\n<h6>Modification des pr\u00e9sentes conditions d&rsquo;utilisation, comp\u00e9tence et droit applicable<\/h6>\n<p>Les pr\u00e9sentes conditions d&rsquo;utilisation peuvent \u00eatre modifi\u00e9es par l&rsquo;\u00e9diteur \u00e0 tout moment. Les conditions d&rsquo;utilisation applicables \u00e0 toute utilisation du site sont celles disponibles et publi\u00e9es sur le site au moment de sa consultation par l&rsquo;utilisateur. La nullit\u00e9 ou non-validit\u00e9 d&rsquo;une disposition des pr\u00e9sentes conditions d&rsquo;utilisation ne porte pas pr\u00e9judice \u00e0 la validit\u00e9 des autres dispositions des pr\u00e9sentes conditions.<\/p>\n<hr \/>\n<h6>Non-responsabilit\u00e9<\/h6>\n<p>M\u00eame si toutes les informations du site ont fait l&rsquo;objet d&rsquo;une v\u00e9rification minutieuse, elles sont diffus\u00e9es \u00e0 titre purement indicatif. En aucun cas, l&rsquo;\u00e9diteur ne peut \u00eatre tenu responsable de l&rsquo;exactitude des informations indiqu\u00e9es ni donner la garantie que les donn\u00e9es soient compl\u00e8tes, pr\u00e9cises ou actuelles. Tous les renseignements sont donn\u00e9s sous r\u00e9serve de modification, d&rsquo;erreur ou d&rsquo;omission.<br \/>\nL&rsquo;\u00e9diteur se d\u00e9gage \u00e9galement de toute responsabilit\u00e9 en ce qui concerne les contenus provenant de tiers vers lesquels le site fait des hyperliens.<br \/>\nEnfin, l&rsquo;\u00e9diteur d\u00e9cline toute responsabilit\u00e9 et exclut toute garantie en cas d&rsquo;interruption ou mauvais fonctionnement du site. L&rsquo;\u00e9diteur ne pourra pas non plus \u00eatre tenu responsable pour des dommages directs ou indirects que l&rsquo;utilisateur pourrait encourir \u00e0 la suite d&rsquo;un acc\u00e8s au site ou de son utilisation.[\/vc_column_text][\/vc_column][vc_column width=\u00a0\u00bb1\/2&Prime;][vc_column_text]<\/p>\n<h5>Respect de la vie priv\u00e9e et protection de donn\u00e9es<\/h5>\n<h6>Traitement des donn\u00e9es personnelles<\/h6>\n<p>Des donn\u00e9es \u00e0 caract\u00e8re personnel ne pourront \u00eatre recueillies et trait\u00e9es que conform\u00e9ment aux r\u00e8gles relatives aux lois sur la protection des donn\u00e9es.<br \/>\nDans certains cas, notamment lorsque l&rsquo;utilisateur remplit un formulaire sur le site et le renvoie, il est possible que certaines donn\u00e9es personnelles soient enregistr\u00e9es sur le serveur. Ces informations sont consid\u00e9r\u00e9es comme confidentielles et trait\u00e9es en tant que telles, elles ne seront donc jamais vendues ou transmises \u00e0 des tiers sans son approbation pr\u00e9alable.<br \/>\nSi le site dispose d&rsquo;une newsletter, l&rsquo;utilisateur peut s&rsquo;y inscrire pour recevoir r\u00e9guli\u00e8rement des informations par e-mail. Dans ce cas, l&rsquo;\u00e9diteur a besoin d&rsquo;une adresse e-mail valide que l&rsquo;utilisateur qui s&rsquo;inscrit \u00e0 la newsletter accepte de communiquer via le formulaire ad hoc. L&rsquo;utilisateur confirme \u00eatre le propri\u00e9taire de ladite adresse e-mail ainsi communiqu\u00e9e et marque son accord pour recevoir les diff\u00e9rents e-mails envoy\u00e9s par le site et\/ou l&rsquo;\u00e9diteur. L&rsquo;utilisateur a le droit de se d\u00e9sinscrire \u00e0 tout moment.<br \/>\nL&rsquo;utilisateur a le droit de consulter ses donn\u00e9es personnelles afin de v\u00e9rifier leur exactitude et de faire corriger toutes \u00e9ventuelles erreurs en adressant une demande par courrier recommand\u00e9 \u00e0 l&rsquo;\u00e9diteur du site dont les coordonn\u00e9es figurent ci-dessus.<\/p>\n<hr \/>\n<h6>Utilisation des cookies<\/h6>\n<p>Ce site Internet utilise des cookies.<br \/>\nComme la majorit\u00e9 des sites, celui-ci utilise des cookies. Les cookies sont des petits fichiers textes inoffensifs qui n&rsquo;affectent en aucun cas votre vie priv\u00e9e ni la s\u00e9curit\u00e9 de votre ordinateur.<br \/>\nLes cookies augmentent le confort de l&rsquo;utilisateur sur le site et permettent \u00e0 l&rsquo;\u00e9diteur d&rsquo;obtenir des statistiques anonymes sur la fr\u00e9quentation du site.<br \/>\nPour savoir comment interdire ou supprimer les cookies sur votre ordinateur, reportez-vous \u00e0 la documentation de votre navigateur.<br \/>\nL&rsquo;\u00e9diteur informe l&rsquo;utilisateur que le site fait usage de cookies pour augmenter le confort d&rsquo;utilisation du site, en augmenter la performance et d&rsquo;\u00e9tablir les statistiques de fr\u00e9quentation.<br \/>\nComme le site ne peut fonctionner sans utiliser ces cookies, nous invitons tout utilisateur en d\u00e9saccord avec leur utilisation d&rsquo;abandonner imm\u00e9diatement leur session de navigation sur le site.<\/p>\n<hr \/>\n<h6>Utilisation de Google Analytics<\/h6>\n<p>Ce site utilise Google Analytics, un service d&rsquo;analyse de site internet fourni par Google Inc. (\u00ab Google \u00bb). Google Analytics utilise des cookies, qui sont des fichiers texte plac\u00e9s sur votre ordinateur, pour aider le site internet \u00e0 analyser l&rsquo;utilisation du site par ses utilisateurs. Les donn\u00e9es g\u00e9n\u00e9r\u00e9es par les cookies concernant votre utilisation du site (y compris votre adresse IP) seront transmises et stock\u00e9es par Google sur des serveurs situ\u00e9s aux Etats-Unis. Google utilisera cette information dans le but d&rsquo;\u00e9valuer votre utilisation du site, de compiler des rapports sur l&rsquo;activit\u00e9 du site \u00e0 destination de son \u00e9diteur et de fournir d&rsquo;autres services relatifs \u00e0 l&rsquo;activit\u00e9 du site et \u00e0 l&rsquo;utilisation d&rsquo;Internet.<br \/>\nGoogle est susceptible de communiquer ces donn\u00e9es \u00e0 des tiers en cas d&rsquo;obligation l\u00e9gale ou lorsque ces tiers traitent ces donn\u00e9es pour le compte de Google, y compris notamment l&rsquo;\u00e9diteur de ce site. Google ne recoupera pas votre adresse IP avec toute autre donn\u00e9e d\u00e9tenue par Google. Vous pouvez d\u00e9sactiver l&rsquo;utilisation de cookies en s\u00e9lectionnant les param\u00e8tres appropri\u00e9s de votre navigateur. Cependant, une telle d\u00e9sactivation pourrait emp\u00eacher l&rsquo;utilisation de certaines fonctionnalit\u00e9s de ce site. En utilisant ce site internet, vous consentez express\u00e9ment au traitement de vos donn\u00e9es nominatives par Google dans les conditions et pour les finalit\u00e9s d\u00e9crites ci-dessus.<\/p>\n<hr \/>\n<p>Version: 03-06-2020[\/vc_column_text][\/vc_column][\/vc_row]<\/p>\n","protected":false},"excerpt":{"rendered":"<p>[vc_row][vc_column width=\u00a0\u00bb1\/2&Prime;][vc_column_text] Mentions l\u00e9gales et conditions d&rsquo;utilisation Conditions d&rsquo;acc\u00e8s au site Toute personne (ci-apr\u00e8s \u00ab\u00a0l&rsquo;utilisateur\u00a0\u00bb) acc\u00e9dant au pr\u00e9sent site (ci-apr\u00e8s&#8230;<\/p>\n","protected":false},"author":1,"featured_media":0,"parent":0,"menu_order":0,"comment_status":"closed","ping_status":"closed","template":"","meta":{"_monsterinsights_skip_tracking":false,"_monsterinsights_sitenote_active":false,"_monsterinsights_sitenote_note":"","_monsterinsights_sitenote_category":0},"aioseo_notices":[],"_links":{"self":[{"href":"https:\/\/immokeul.be\/fr\/wp-json\/wp\/v2\/pages\/3282"}],"collection":[{"href":"https:\/\/immokeul.be\/fr\/wp-json\/wp\/v2\/pages"}],"about":[{"href":"https:\/\/immokeul.be\/fr\/wp-json\/wp\/v2\/types\/page"}],"author":[{"embeddable":true,"href":"https:\/\/immokeul.be\/fr\/wp-json\/wp\/v2\/users\/1"}],"replies":[{"embeddable":true,"href":"https:\/\/immokeul.be\/fr\/wp-json\/wp\/v2\/comments?post=3282"}],"version-history":[{"count":4,"href":"https:\/\/immokeul.be\/fr\/wp-json\/wp\/v2\/pages\/3282\/revisions"}],"predecessor-version":[{"id":3746,"href":"https:\/\/immokeul.be\/fr\/wp-json\/wp\/v2\/pages\/3282\/revisions\/3746"}],"wp:attachment":[{"href":"https:\/\/immokeul.be\/fr\/wp-json\/wp\/v2\/media?parent=3282"}],"curies":[{"name":"wp","href":"https:\/\/api.w.org\/{rel}","templated":true}]}}