{"id":3290,"date":"2020-04-14T09:41:43","date_gmt":"2020-04-14T09:41:43","guid":{"rendered":"https:\/\/immo-keul.be\/?page_id=3290"},"modified":"2020-05-13T06:49:42","modified_gmt":"2020-05-13T06:49:42","slug":"calcul-credit","status":"publish","type":"page","link":"https:\/\/immokeul.be\/fr\/calcul-credit\/","title":{"rendered":"Calcul cr\u00e9dit"},"content":{"rendered":"<p>[vc_row css=\u00a0\u00bb.vc_custom_1583249081712{margin-top: -80px !important;}\u00a0\u00bb][vc_column width=\u00a0\u00bb1\/3&Prime;][vc_column_text]<form class=\"calculator\">\n\t<div class=\"c-data\">\n\t\t<div class=\"element\">Kreditbetrag in \u20ac<\/div>\n\t\t<div class=\"element\"><input name=\"amount\" id=\"amount\" type=\"text\" onkeyup=\"checnum(this);\"><\/div>\n\t<\/div>\n\t<div class=\"c-data\">\n\t\t<div class=\"element\">Zinzsatz in %<\/div>\n\t\t<div class=\"element\"><input name=\"interest\" id=\"interest\" type=\"text\" onkeyup=\"checnum(this);\"><\/div>\n\t<\/div>\n\t<div class=\"c-data\">\n\t\t<div class=\"element\">Laufzeit in Jahren<\/div>\n\t\t<div class=\"element\"><input name=\"term\" id=\"term\" type=\"text\" onkeyup=\"checnum(this);\"><\/div>\n\t<\/div>\n\t<div class=\"c-data\">\n\t\t<div class=\"element\">Aufteilung<\/div>\n\t\t<div class=\"element\">\n\t\t\t<select name=\"comp\" id=\"comp\">\n\t\t\t\t<option value=\"mon\">monatlich<\/option>\n\t\t\t\t<option value=\"qua\">viertelj\u00e4hrlich<\/option>\n\t\t\t\t<option value=\"sem\">halbj\u00e4hrlich<\/option>\n\t\t\t\t<option value=\"ann\">j\u00e4hrlich<\/option>\n\t\t\t<\/select>\n\t\t<\/div>\n\t<\/div>\n\t<div class=\"c-button\">\n\t\t<input type=\"button\" value=\"Jetzt berechnen\" onclick=\"calc();\"> <input type=\"reset\" value=\"Reset\">  \n\t<\/div>\t\n\t<div class=\"c-result\">\n\t\t<div class=\"element\" id=\"c-error\">Please, Enter all field<\/div>\t\t\t\n\t<\/div>\n\t<div class=\"c-result\">\n\t\t<div class=\"element\">Monatliche Rate<\/div>\n\t\t<div class=\"element\"><input type=\"text\" name=\"payment\" id=\"payment\" readonly ><\/div>\t\t\n\t<\/div>\t\n<\/form>\n[\/vc_column_text][\/vc_column][vc_column width=\u00a0\u00bb2\/3&Prime;][vc_column_text]<\/p>\n<p class=\"just\"><span lang=\"fr-be\">Notre calculatrice vous donne une id\u00e9e des mensualit\u00e9s futures. Les r\u00e9sultats pr\u00e9sent\u00e9s sont hypoth\u00e9tiques, des diff\u00e9rences par rapport aux mensualit\u00e9s effectives sont possibles comme elles ne tiennent pas comptes des frais \u00e9ventuels.<\/span><\/p>\n<p class=\"just\" style=\"text-align: center;\"><strong><span lang=\"fr-be\">Veuillez contacter votre conseiller en investissement avant toute d\u00e9cision d&rsquo;achat.<\/span><\/strong><\/p>\n<p>[\/vc_column_text][vc_empty_space height=\u00a0\u00bb100px\u00a0\u00bb][vc_single_image image=\u00a0\u00bb2508&Prime; img_size=\u00a0\u00bbfull\u00a0\u00bb alignment=\u00a0\u00bbcenter\u00a0\u00bb][\/vc_column][\/vc_row]<\/p>\n","protected":false},"excerpt":{"rendered":"<p>[vc_row css=\u00a0\u00bb.vc_custom_1583249081712{margin-top: -80px !important;}\u00a0\u00bb][vc_column width=\u00a0\u00bb1\/3&Prime;][vc_column_text][\/vc_column_text][\/vc_column][vc_column width=\u00a0\u00bb2\/3&Prime;][vc_column_text] Notre calculatrice vous donne une id\u00e9e des mensualit\u00e9s futures. Les r\u00e9sultats pr\u00e9sent\u00e9s sont hypoth\u00e9tiques,&#8230;<\/p>\n","protected":false},"author":1,"featured_media":0,"parent":0,"menu_order":0,"comment_status":"closed","ping_status":"closed","template":"","meta":{"_monsterinsights_skip_tracking":false,"_monsterinsights_sitenote_active":false,"_monsterinsights_sitenote_note":"","_monsterinsights_sitenote_category":0},"aioseo_notices":[],"_links":{"self":[{"href":"https:\/\/immokeul.be\/fr\/wp-json\/wp\/v2\/pages\/3290"}],"collection":[{"href":"https:\/\/immokeul.be\/fr\/wp-json\/wp\/v2\/pages"}],"about":[{"href":"https:\/\/immokeul.be\/fr\/wp-json\/wp\/v2\/types\/page"}],"author":[{"embeddable":true,"href":"https:\/\/immokeul.be\/fr\/wp-json\/wp\/v2\/users\/1"}],"replies":[{"embeddable":true,"href":"https:\/\/immokeul.be\/fr\/wp-json\/wp\/v2\/comments?post=3290"}],"version-history":[{"count":4,"href":"https:\/\/immokeul.be\/fr\/wp-json\/wp\/v2\/pages\/3290\/revisions"}],"predecessor-version":[{"id":3465,"href":"https:\/\/immokeul.be\/fr\/wp-json\/wp\/v2\/pages\/3290\/revisions\/3465"}],"wp:attachment":[{"href":"https:\/\/immokeul.be\/fr\/wp-json\/wp\/v2\/media?parent=3290"}],"curies":[{"name":"wp","href":"https:\/\/api.w.org\/{rel}","templated":true}]}}