{"id":3295,"date":"2020-04-14T09:44:25","date_gmt":"2020-04-14T09:44:25","guid":{"rendered":"https:\/\/immo-keul.be\/?page_id=3295"},"modified":"2025-01-09T11:18:56","modified_gmt":"2025-01-09T11:18:56","slug":"bureau-keul","status":"publish","type":"page","link":"https:\/\/immokeul.be\/fr\/bureau-keul\/","title":{"rendered":"Bureau Keul"},"content":{"rendered":"<p>[vc_row css=\u00a0\u00bb.vc_custom_1568031658475{margin-top: 100px !important;}\u00a0\u00bb el_id=\u00a0\u00bbdetails\u00a0\u00bb][vc_column el_class=\u00a0\u00bbbig-index\u00a0\u00bb offset=\u00a0\u00bbvc_col-lg-6 vc_col-md-6&Prime;][vc_column_text css_animation=\u00a0\u00bbbottom-to-top\u00a0\u00bb]<\/p>\n<div class=\"title-h6\"><span style=\"color: #b6bfc5;\">DEPUIS 1983 !<br \/>\n<\/span><\/div>\n<p>[\/vc_column_text][vc_column_text css_animation=\u00a0\u00bbbottom-to-top\u00a0\u00bb]<\/p>\n<div class=\"title-h1\"><span class=\"light\"><span class=\"subtitle\">Bureau Keul A.G<\/span><\/span><\/div>\n<p>[\/vc_column_text][vc_column_text css_animation=\u00a0\u00bbbottom-to-top\u00a0\u00bb]Nous n\u00e9gocions la vente de biens immobiliers depuis 1983 et nous pouvons vous conseiller et assister avec notre exp\u00e9rience pour toutes transactions immobili\u00e8res. Nous pouvons \u00e9galement faire toutes estimations et r\u00e9aliser les transactions entre acheteur et vendeur. Notre exp\u00e9rience avec les pays voisins, G.D. Luxembourg, l&rsquo;Allemagne et le Pays-Bas vous garantit \u00e9galement une transaction comp\u00e9tente au-del\u00e0 des fronti\u00e8res. Nous travaillons avec des mandats exclusifs qui sont examin\u00e9s et s\u00e9curis\u00e9s.[\/vc_column_text][\/vc_column][vc_column el_class=\u00a0\u00bbbig-index\u00a0\u00bb offset=\u00a0\u00bbvc_col-lg-6 vc_col-md-6&Prime;]<div class=\"lazy-loading\" data-ll-item-delay=\"0\"><div class=\"gem-textbox  lazy-loading-item\"  data-ll-effect=\"move-up\" ><div class=\"gem-textbox-inner\" style=\"\"><div class=\"gem-textbox-content\" style=\"background-image: url(https:\/\/immokeul.be\/wp-content\/uploads\/2020\/03\/immo-keul-u\u0308beruns-erfahrung.jpg);background-repeat: no-repeat; background-size: cover;background-position: center top;padding-top: 70px;padding-bottom: 70px;padding-left: 50px;padding-right: 50px;\">[vc_column_text css=\u00a0\u00bb.vc_custom_1736421533406{margin-bottom: 0px !important;padding-bottom: 0px !important;}\u00a0\u00bb]<\/p>\n<div class=\"title-h1\"><span style=\"color: #ffffff;\">42 ans<\/span><\/div>\n<p>[\/vc_column_text][vc_column_text]<\/p>\n<div class=\"title-h1\"><span class=\"light\" style=\"color: #ffffff;\">exp\u00e9rience<\/span><\/div>\n<p>[\/vc_column_text][vc_column_text]<\/p>\n<h6><span style=\"color: #ffffff;\">Le sp\u00e9cialiste de l&rsquo;achat et de la vente de biens immobiliers depuis 1983!<\/span><\/h6>\n<p>[\/vc_column_text]<\/div><\/div><\/div><\/div>[\/vc_column][\/vc_row][vc_row][vc_column]<div class=\"clearboth\"><\/div><div class=\"gem-divider \" style=\"margin-top: 50px;\"><\/div>[vc_column_text css_animation=\u00a0\u00bbbottom-to-top\u00a0\u00bb]<\/p>\n<div class=\"title-h1\" style=\"text-align: center;\"><span class=\"light\"><span class=\"subtitle\">NOS VALEURS :<br \/>\n<\/span><\/span><\/div>\n<p>[\/vc_column_text][\/vc_column][\/vc_row][vc_row equal_height=\u00a0\u00bbyes\u00a0\u00bb content_placement=\u00a0\u00bbtop\u00a0\u00bb disable_custom_paddings_tablet=\u00a0\u00bbtrue\u00a0\u00bb disable_custom_paddings_mobile=\u00a0\u00bbtrue\u00a0\u00bb css=\u00a0\u00bb.vc_custom_1583414526929{margin-top: 20px !important;}\u00a0\u00bb][vc_column offset=\u00a0\u00bbvc_col-lg-4 vc_col-md-4&Prime;]<div class=\"lazy-loading\" data-ll-item-delay=\"0\"><div class=\"gem-textbox  lazy-loading-item centered-box\"  data-ll-effect=\"move-up\" ><div class=\"gem-textbox-inner\" style=\"\"><div class=\"gem-textbox-content\" style=\"background-color: #ffffff;background-position: center top;padding-top: 60px;padding-bottom: 50px;\"><div class=\"centered-box\"><div class=\"gem-icon gem-icon-pack-material gem-icon-size-large gradient gem-icon-shape-square gem-simple-icon\"  style=\"opacity: 1;\"><div class=\"gem-icon-inner\" style=\"\"><span class=\"gem-icon-style-gradient\"><span style=\"background: linear-gradient( to bottom, #039193, #022998); -webkit-text-fill-color: transparent; -webkit-background-clip: text;\" class=\"back-angle\">&#xf154;<\/span><\/span><\/div><\/div><\/div><div class=\"clearboth\"><\/div><div class=\"gem-divider \" style=\"margin-top: 50px;\"><\/div>[vc_column_text]<\/p>\n<div class=\"title-h5\">Nous avons le savoir-faire.<\/div>\n<p>[\/vc_column_text]<\/div><\/div><\/div><\/div>[\/vc_column][vc_column offset=\u00a0\u00bbvc_col-lg-4 vc_col-md-4&Prime;]<div class=\"lazy-loading\" data-ll-item-delay=\"0\"><div class=\"gem-textbox  lazy-loading-item centered-box\"  data-ll-effect=\"move-up\" ><div class=\"gem-textbox-inner\" style=\"\"><div class=\"gem-textbox-content\" style=\"background-color: #ffffff;background-position: center top;padding-top: 60px;padding-bottom: 50px;\"><div class=\"centered-box\"><div class=\"gem-icon gem-icon-pack-material gem-icon-size-large gradient gem-icon-shape-circle gem-simple-icon\"  style=\"opacity: 1;\"><div class=\"gem-icon-inner\" style=\"\"><span class=\"gem-icon-style-gradient\"><span style=\"background: linear-gradient( to bottom, #039193, #022998); -webkit-text-fill-color: transparent; -webkit-background-clip: text;\" class=\"back-angle\">&#xf287;<\/span><\/span><\/div><\/div><\/div><div class=\"clearboth\"><\/div><div class=\"gem-divider \" style=\"margin-top: 50px;\"><\/div>[vc_column_text]<\/p>\n<div class=\"title-h5\">Nous sommes des partenaires comp\u00e9tents.<\/div>\n<p>[\/vc_column_text]<\/div><\/div><\/div><\/div>[\/vc_column][vc_column offset=\u00a0\u00bbvc_col-lg-4 vc_col-md-4&Prime;]<div class=\"lazy-loading\" data-ll-item-delay=\"0\"><div class=\"gem-textbox  lazy-loading-item centered-box\"  data-ll-effect=\"move-up\" ><div class=\"gem-textbox-inner\" style=\"\"><div class=\"gem-textbox-content\" style=\"background-color: #ffffff;background-position: center top;padding-top: 60px;padding-bottom: 50px;\"><div class=\"centered-box\"><div class=\"gem-icon gem-icon-pack-material gem-icon-size-large gradient gem-icon-shape-circle gem-simple-icon\"  style=\"opacity: 1;\"><div class=\"gem-icon-inner\" style=\"\"><span class=\"gem-icon-style-gradient\"><span style=\"background: linear-gradient( to bottom, #039193, #022998); -webkit-text-fill-color: transparent; -webkit-background-clip: text;\" class=\"back-angle\">&#xf266;<\/span><\/span><\/div><\/div><\/div><div class=\"clearboth\"><\/div><div class=\"gem-divider \" style=\"margin-top: 50px;\"><\/div>[vc_column_text]<\/p>\n<div class=\"title-h5\">Nous travaillons avec des mandats exclusifs.<\/div>\n<p>[\/vc_column_text]<\/div><\/div><\/div><\/div>[\/vc_column][\/vc_row][vc_row disable_element=\u00a0\u00bbyes\u00a0\u00bb][vc_column]<div class=\"clearboth\"><\/div><div class=\"gem-divider \" style=\"margin-top: 50px;\"><\/div>[\/vc_column][\/vc_row][vc_row full_width=\u00a0\u00bbstretch_row\u00a0\u00bb equal_height=\u00a0\u00bbyes\u00a0\u00bb content_placement=\u00a0\u00bbtop\u00a0\u00bb disable_element=\u00a0\u00bbyes\u00a0\u00bb css=\u00a0\u00bb.vc_custom_1583156148969{margin-top: 0px !important;margin-bottom: 0px !important;padding-top: 130px !important;padding-bottom: 0px !important;background-color: #ffffff !important;}\u00a0\u00bb][vc_column el_class=\u00a0\u00bbbig-index\u00a0\u00bb offset=\u00a0\u00bbvc_col-lg-6 vc_col-md-6&Prime;][\/vc_column][vc_column css=\u00a0\u00bb.vc_custom_1568036824020{margin-top: 0px !important;margin-bottom: 0px !important;padding-top: 0px !important;padding-bottom: 0px !important;}\u00a0\u00bb offset=\u00a0\u00bbvc_hidden-lg vc_hidden-md\u00a0\u00bb]<div class=\"clearboth\"><\/div><div class=\"gem-divider \" style=\"margin-top: 70px;\"><\/div>[\/vc_column][vc_column width=\u00a0\u00bb1\/2&Prime; disable_custom_paddings_mobile=\u00a0\u00bbtrue\u00a0\u00bb el_class=\u00a0\u00bbbig-index\u00a0\u00bb css=\u00a0\u00bb.vc_custom_1568036714005{margin-top: 0px !important;margin-bottom: 0px !important;padding-top: 0px !important;padding-right: 35px !important;padding-bottom: 0px !important;padding-left: 35px !important;background-image: url(https:\/\/immokeul.be\/wp-content\/uploads\/2019\/08\/8-4.jpg?id=402) !important;background-position: center !important;background-repeat: no-repeat !important;background-size: cover !important;}\u00a0\u00bb offset=\u00a0\u00bbvc_col-lg-3 vc_col-md-3&Prime;][\/vc_column][vc_column width=\u00a0\u00bb1\/2&Prime; disable_custom_paddings_mobile=\u00a0\u00bbtrue\u00a0\u00bb offset=\u00a0\u00bbvc_col-lg-3 vc_col-md-3&Prime; css=\u00a0\u00bb.vc_custom_1568036721338{margin-top: 0px !important;margin-bottom: 0px !important;padding-top: 0px !important;padding-right: 35px !important;padding-bottom: 0px !important;padding-left: 35px !important;background-image: url(https:\/\/immokeul.be\/wp-content\/uploads\/2019\/08\/9-4.jpg?id=401) !important;background-position: center !important;background-repeat: no-repeat !important;background-size: cover !important;}\u00a0\u00bb]<div class=\"clearboth\"><\/div><div class=\"gem-divider \" style=\"margin-top: 150px;\"><\/div><div data-number-format=\"(ddd).ddd\" class=\"gem-counter-box row inline-row inline-row-center gem-counter-style-1 lazy-loading lazy-loading-not-hide\" ><div class=\"gem-counter col-xs-12 inline-column gem-counter-effect-simple\" ><div class=\"gem-counter-inner\"><div class=\"gem-counter-number\" style=\"color: #ffffff\"><div class=\"gem-counter-odometer\" data-to=\"9773\">0<\/div><\/div><div class=\"gem-counter-text styled-subtitle\" style=\"color: #ffffff\">Leased Objects<\/div><\/div><\/div><\/div><div class=\"clearboth\"><\/div><div class=\"gem-divider \" style=\"margin-top: -20px;\"><\/div>[vc_separator color=\u00a0\u00bbturquoise\u00a0\u00bb align=\u00a0\u00bbalign_left\u00a0\u00bb border_width=\u00a0\u00bb3&Prime; el_width=\u00a0\u00bb20&Prime; css=\u00a0\u00bb.vc_custom_1568032726604{margin-left: 0px !important;padding-left: 0px !important;}\u00a0\u00bb]<div class=\"clearboth\"><\/div><div class=\"gem-divider \" style=\"margin-top: 40px;\"><\/div>[\/vc_column][\/vc_row][vc_row full_width=\u00a0\u00bbstretch_row\u00a0\u00bb equal_height=\u00a0\u00bbyes\u00a0\u00bb content_placement=\u00a0\u00bbbottom\u00a0\u00bb disable_element=\u00a0\u00bbyes\u00a0\u00bb css=\u00a0\u00bb.vc_custom_1583156155216{margin-top: 0px !important;margin-bottom: 0px !important;padding-top: 0px !important;padding-bottom: 130px !important;background-color: #ffffff !important;}\u00a0\u00bb][vc_column width=\u00a0\u00bb1\/4&Prime; disable_custom_paddings_mobile=\u00a0\u00bbtrue\u00a0\u00bb el_class=\u00a0\u00bbbig-index\u00a0\u00bb css=\u00a0\u00bb.vc_custom_1568036735782{margin-top: 0px !important;margin-bottom: 0px !important;padding-top: 0px !important;padding-right: 0px !important;padding-bottom: 0px !important;padding-left: 0px !important;}\u00a0\u00bb offset=\u00a0\u00bbvc_col-lg-3 vc_col-md-3 vc_hidden-sm vc_hidden-xs\u00a0\u00bb][vc_separator color=\u00a0\u00bbturquoise\u00a0\u00bb align=\u00a0\u00bbalign_left\u00a0\u00bb border_width=\u00a0\u00bb3&Prime; el_width=\u00a0\u00bb50&Prime; el_class=\u00a0\u00bbvertical\u00a0\u00bb][\/vc_column][vc_column width=\u00a0\u00bb1\/2&Prime; disable_custom_paddings_mobile=\u00a0\u00bbtrue\u00a0\u00bb el_class=\u00a0\u00bbbig-index\u00a0\u00bb css=\u00a0\u00bb.vc_custom_1568036742919{margin-top: 0px !important;margin-bottom: 0px !important;padding-top: 0px !important;padding-right: 35px !important;padding-bottom: 0px !important;padding-left: 35px !important;background-image: url(https:\/\/immokeul.be\/wp-content\/uploads\/2019\/08\/11-2.jpg?id=399) !important;background-position: center !important;background-repeat: no-repeat !important;background-size: cover !important;}\u00a0\u00bb offset=\u00a0\u00bbvc_col-lg-3 vc_col-md-3&Prime;]<div class=\"clearboth\"><\/div><div class=\"gem-divider \" style=\"margin-top: 150px;\"><\/div><div data-number-format=\"(ddd).ddd\" class=\"gem-counter-box row inline-row inline-row-center gem-counter-style-1 lazy-loading lazy-loading-not-hide\" ><div class=\"gem-counter col-xs-12 inline-column gem-counter-effect-simple\" ><div class=\"gem-counter-inner\"><div class=\"gem-counter-number\" style=\"color: #ffffff\"><div class=\"gem-counter-odometer\" data-to=\"83\">0<\/div><\/div><div class=\"gem-counter-text styled-subtitle\" style=\"color: #ffffff\">Team Members<\/div><\/div><\/div><\/div><div class=\"clearboth\"><\/div><div class=\"gem-divider \" style=\"margin-top: -20px;\"><\/div>[vc_separator color=\u00a0\u00bbturquoise\u00a0\u00bb align=\u00a0\u00bbalign_left\u00a0\u00bb border_width=\u00a0\u00bb3&Prime; el_width=\u00a0\u00bb20&Prime; css=\u00a0\u00bb.vc_custom_1568032726604{margin-left: 0px !important;padding-left: 0px !important;}\u00a0\u00bb]<div class=\"clearboth\"><\/div><div class=\"gem-divider \" style=\"margin-top: 40px;\"><\/div>[\/vc_column][vc_column width=\u00a0\u00bb1\/2&Prime; disable_custom_paddings_mobile=\u00a0\u00bbtrue\u00a0\u00bb offset=\u00a0\u00bbvc_col-lg-3 vc_col-md-3&Prime; css=\u00a0\u00bb.vc_custom_1568036749415{margin-top: 0px !important;margin-bottom: 0px !important;padding-top: 0px !important;padding-right: 35px !important;padding-bottom: 0px !important;padding-left: 35px !important;background-image: url(https:\/\/immokeul.be\/wp-content\/uploads\/2019\/08\/10-3.jpg?id=400) !important;background-position: center !important;background-repeat: no-repeat !important;background-size: cover !important;}\u00a0\u00bb]<div class=\"clearboth\"><\/div><div class=\"gem-divider \" style=\"margin-top: 150px;\"><\/div><div data-number-format=\"(ddd).ddd\" class=\"gem-counter-box row inline-row inline-row-center gem-counter-style-1 lazy-loading lazy-loading-not-hide\" ><div class=\"gem-counter col-xs-12 inline-column gem-counter-effect-simple\" ><div class=\"gem-counter-inner\"><div class=\"gem-counter-number\" style=\"color: #ffffff\"><div class=\"gem-counter-odometer\" data-to=\"3470\">0<\/div><\/div><div class=\"gem-counter-text styled-subtitle\" style=\"color: #ffffff\">Happy Customers<\/div><\/div><\/div><\/div><div class=\"clearboth\"><\/div><div class=\"gem-divider \" style=\"margin-top: -20px;\"><\/div>[vc_separator color=\u00a0\u00bbturquoise\u00a0\u00bb align=\u00a0\u00bbalign_left\u00a0\u00bb border_width=\u00a0\u00bb3&Prime; el_width=\u00a0\u00bb20&Prime; css=\u00a0\u00bb.vc_custom_1568032726604{margin-left: 0px !important;padding-left: 0px !important;}\u00a0\u00bb]<div class=\"clearboth\"><\/div><div class=\"gem-divider \" style=\"margin-top: 40px;\"><\/div>[\/vc_column][vc_column disable_custom_paddings_mobile=\u00a0\u00bbtrue\u00a0\u00bb css=\u00a0\u00bb.vc_custom_1568036793053{margin-top: 0px !important;margin-bottom: 0px !important;padding-top: 0px !important;padding-right: 35px !important;padding-bottom: 0px !important;padding-left: 35px !important;background-color: #f0f3f2 !important;}\u00a0\u00bb offset=\u00a0\u00bbvc_col-lg-3 vc_col-md-3 vc_hidden-sm vc_hidden-xs\u00a0\u00bb]<style type=\"text\/css\">.thegem-button-69e01cd0da2cb8109.lazy-loading-before-start-animation .lazy-loading-item {opacity: 0;} body.thegem-effects-disabled .thegem-button-69e01cd0da2cb8109.lazy-loading-before-start-animation .lazy-loading-item {opacity: 1;}<\/style><div class=\"gem-button-container gem-button-position-left thegem-button-69e01cd0da2cb8109 lazy-loading lazy-loading-before-start-animation\"  ><a class=\"gem-button gem-button-size-small gem-button-style-flat gem-button-text-weight-normal gem-button-icon-position-right lazy-loading-item\" data-ll-effect=\"drop-right-without-wrap\" style=\"border-radius: 0px;background-color: #f0f3f2;color: #393d50;\" onmouseleave=\"this.style.backgroundColor='#f0f3f2';this.style.color='#393d50';\" onmouseenter=\"this.style.backgroundColor='#f0f3f2';this.style.color='#00bcd4';\" href=\"#\" target=\"_self\">read more<i class=\"gem-print-icon gem-icon-pack-elegant \">&#x24;<\/i><\/a><\/div> [\/vc_column][\/vc_row][vc_row full_width=\u00a0\u00bbstretch_row\u00a0\u00bb disable_element=\u00a0\u00bbyes\u00a0\u00bb css=\u00a0\u00bb.vc_custom_1586341448748{margin-bottom: -110px !important;background-color: #ffffff !important;}\u00a0\u00bb][vc_column width=\u00a0\u00bb1\/4&Prime;][vc_column_text css_animation=\u00a0\u00bbbottom-to-top\u00a0\u00bb]<\/p>\n<div class=\"title-h6\"><span style=\"color: #b6bfc5;\">Das sind wir<\/span><\/div>\n<p>[\/vc_column_text][vc_column_text css_animation=\u00a0\u00bbbottom-to-top\u00a0\u00bb]<\/p>\n<div class=\"title-h1\">Immo Keul <span class=\"light\">in Zahlen<\/span><\/div>\n<p>[\/vc_column_text][\/vc_column][vc_column width=\u00a0\u00bb1\/4&Prime; el_class=\u00a0\u00bbbig-index\u00a0\u00bb css=\u00a0\u00bb.vc_custom_1583325486475{margin-top: 0px !important;margin-bottom: 0px !important;border-left-width: 35px !important;padding-top: 0px !important;padding-right: 35px !important;padding-bottom: 0px !important;background-image: url(https:\/\/immokeul.be\/wp-content\/uploads\/2020\/03\/immo-keul-recht-box2.jpg?id=1560) !important;}\u00a0\u00bb]<div class=\"clearboth\"><\/div><div class=\"gem-divider \" style=\"margin-top: 150px;\"><\/div><div data-number-format=\"(ddd).ddd\" class=\"gem-counter-box row inline-row inline-row-center gem-counter-style-1 lazy-loading lazy-loading-not-hide\" ><div class=\"gem-counter col-xs-12 inline-column gem-counter-effect-simple\" ><div class=\"gem-counter-inner\"><div class=\"gem-counter-number\" style=\"color: #ffffff\"><div class=\"gem-counter-odometer\" data-to=\"5000\">0<\/div><\/div><div class=\"gem-counter-text styled-subtitle\" style=\"color: #ffffff\">verkaufte Objekte<\/div><\/div><\/div><\/div><div class=\"clearboth\"><\/div><div class=\"gem-divider \" style=\"margin-top: -20px;\"><\/div>[vc_separator color=\u00a0\u00bbcustom\u00a0\u00bb align=\u00a0\u00bbalign_left\u00a0\u00bb border_width=\u00a0\u00bb3&Prime; el_width=\u00a0\u00bb20&Prime; css=\u00a0\u00bb.vc_custom_1583325613807{margin-left: 0px !important;padding-left: 0px !important;}\u00a0\u00bb accent_color=\u00a0\u00bb#039193&Prime;]<div class=\"clearboth\"><\/div><div class=\"gem-divider \" style=\"margin-top: 40px;\"><\/div>[\/vc_column][vc_column width=\u00a0\u00bb1\/4&Prime; disable_custom_paddings_mobile=\u00a0\u00bbtrue\u00a0\u00bb css=\u00a0\u00bb.vc_custom_1583325431050{margin-top: 0px !important;margin-bottom: 0px !important;padding-top: 0px !important;padding-right: 35px !important;padding-bottom: 0px !important;padding-left: 35px !important;background-image: url(https:\/\/immokeul.be\/wp-content\/uploads\/2020\/03\/immo-keul-recht-box3.jpg?id=1557) !important;}\u00a0\u00bb]<div class=\"clearboth\"><\/div><div class=\"gem-divider \" style=\"margin-top: 150px;\"><\/div><div data-number-format=\"(ddd).ddd\" class=\"gem-counter-box row inline-row inline-row-center gem-counter-style-1 lazy-loading lazy-loading-not-hide\" ><div class=\"gem-counter col-xs-12 inline-column gem-counter-effect-simple\" ><div class=\"gem-counter-inner\"><div class=\"gem-counter-number\" style=\"color: #ffffff\"><div class=\"gem-counter-odometer\" data-to=\"5000\">0<\/div><\/div><div class=\"gem-counter-text styled-subtitle\" style=\"color: #ffffff\">zufriedene Kunden<\/div><\/div><\/div><\/div><div class=\"clearboth\"><\/div><div class=\"gem-divider \" style=\"margin-top: -20px;\"><\/div>[vc_separator color=\u00a0\u00bbcustom\u00a0\u00bb align=\u00a0\u00bbalign_left\u00a0\u00bb border_width=\u00a0\u00bb3&Prime; el_width=\u00a0\u00bb20&Prime; css=\u00a0\u00bb.vc_custom_1583325623668{margin-left: 0px !important;padding-left: 0px !important;}\u00a0\u00bb accent_color=\u00a0\u00bb#039193&Prime;]<div class=\"clearboth\"><\/div><div class=\"gem-divider \" style=\"margin-top: 40px;\"><\/div>[\/vc_column][vc_column width=\u00a0\u00bb1\/4&Prime; css=\u00a0\u00bb.vc_custom_1583325462861{margin-top: 0px !important;margin-bottom: 0px !important;padding-top: 0px !important;padding-right: 35px !important;padding-bottom: 0px !important;padding-left: 35px !important;background-image: url(https:\/\/immokeul.be\/wp-content\/uploads\/2020\/03\/immo-keul-recht-box4.jpg?id=1559) !important;}\u00a0\u00bb]<div class=\"clearboth\"><\/div><div class=\"gem-divider \" style=\"margin-top: 150px;\"><\/div><div data-number-format=\"(ddd).ddd\" class=\"gem-counter-box row inline-row inline-row-center gem-counter-style-1 lazy-loading lazy-loading-not-hide\" ><div class=\"gem-counter col-xs-12 inline-column gem-counter-effect-simple\" ><div class=\"gem-counter-inner\"><div class=\"gem-counter-number\" style=\"color: #ffffff\"><div class=\"gem-counter-odometer\" data-to=\"37\">0<\/div><\/div><div class=\"gem-counter-text styled-subtitle\" style=\"color: #ffffff\">Jahre Erfahrung<\/div><\/div><\/div><\/div><div class=\"clearboth\"><\/div><div class=\"gem-divider \" style=\"margin-top: -20px;\"><\/div>[vc_separator color=\u00a0\u00bbcustom\u00a0\u00bb align=\u00a0\u00bbalign_left\u00a0\u00bb border_width=\u00a0\u00bb3&Prime; el_width=\u00a0\u00bb20&Prime; css=\u00a0\u00bb.vc_custom_1583325640151{margin-left: 0px !important;padding-left: 0px !important;}\u00a0\u00bb accent_color=\u00a0\u00bb#039193&Prime;]<div class=\"clearboth\"><\/div><div class=\"gem-divider \" style=\"margin-top: 40px;\"><\/div>[\/vc_column][\/vc_row]<\/p>\n","protected":false},"excerpt":{"rendered":"<p>[vc_row css=\u00a0\u00bb.vc_custom_1568031658475{margin-top: 100px !important;}\u00a0\u00bb el_id=\u00a0\u00bbdetails\u00a0\u00bb][vc_column el_class=\u00a0\u00bbbig-index\u00a0\u00bb offset=\u00a0\u00bbvc_col-lg-6 vc_col-md-6&Prime;][vc_column_text css_animation=\u00a0\u00bbbottom-to-top\u00a0\u00bb] DEPUIS 1983 ! [\/vc_column_text][vc_column_text css_animation=\u00a0\u00bbbottom-to-top\u00a0\u00bb] Bureau Keul A.G [\/vc_column_text][vc_column_text css_animation=\u00a0\u00bbbottom-to-top\u00a0\u00bb]Nous n\u00e9gocions&#8230;<\/p>\n","protected":false},"author":1,"featured_media":0,"parent":0,"menu_order":0,"comment_status":"closed","ping_status":"closed","template":"","meta":{"_monsterinsights_skip_tracking":false,"_monsterinsights_sitenote_active":false,"_monsterinsights_sitenote_note":"","_monsterinsights_sitenote_category":0},"aioseo_notices":[],"_links":{"self":[{"href":"https:\/\/immokeul.be\/fr\/wp-json\/wp\/v2\/pages\/3295"}],"collection":[{"href":"https:\/\/immokeul.be\/fr\/wp-json\/wp\/v2\/pages"}],"about":[{"href":"https:\/\/immokeul.be\/fr\/wp-json\/wp\/v2\/types\/page"}],"author":[{"embeddable":true,"href":"https:\/\/immokeul.be\/fr\/wp-json\/wp\/v2\/users\/1"}],"replies":[{"embeddable":true,"href":"https:\/\/immokeul.be\/fr\/wp-json\/wp\/v2\/comments?post=3295"}],"version-history":[{"count":10,"href":"https:\/\/immokeul.be\/fr\/wp-json\/wp\/v2\/pages\/3295\/revisions"}],"predecessor-version":[{"id":16290,"href":"https:\/\/immokeul.be\/fr\/wp-json\/wp\/v2\/pages\/3295\/revisions\/16290"}],"wp:attachment":[{"href":"https:\/\/immokeul.be\/fr\/wp-json\/wp\/v2\/media?parent=3295"}],"curies":[{"name":"wp","href":"https:\/\/api.w.org\/{rel}","templated":true}]}}